{"id":76,"date":"2025-07-16T03:38:57","date_gmt":"2025-07-16T03:38:57","guid":{"rendered":"https:\/\/medioseideas.com\/ing25\/?post_type=product&#038;p=76"},"modified":"2025-09-30T11:11:55","modified_gmt":"2025-09-30T16:11:55","slug":"docente-administrativo","status":"publish","type":"product","link":"https:\/\/www.upsjb.edu.pe\/ingeica2025\/producto\/docente-administrativo\/","title":{"rendered":"Docente \/ Administrativo"},"content":{"rendered":"<p>Para un docente o administrativo, participar en INGEICA 2025, deja de ser un gasto y se convierte en una misi\u00f3n de inteligencia y desarrollo institucional. Es la forma m\u00e1s efectiva de evitar el aislamiento acad\u00e9mico, garantizar que los programas educativos sean competitivos y tejer la red de contactos que impulsar\u00e1 a toda la facultad o universidad hacia la excelencia.<\/p>\n<p>Para la instituci\u00f3n, es fundamental fomentar y financiar esta participaci\u00f3n, ya que el retorno de la inversi\u00f3n se ve en: acreditaciones, m\u00e1s convenios, mejor investigaci\u00f3n y una oferta acad\u00e9mica m\u00e1s atractiva.<\/p>\n","protected":false},"excerpt":{"rendered":"<p>Para un docente o administrativo, participar en INGEICA 2025, deja de ser un gasto y se convierte en una misi\u00f3n de inteligencia y desarrollo institucional. Es la forma m\u00e1s efectiva de evitar el aislamiento acad\u00e9mico, garantizar que los programas educativos sean competitivos y tejer la red de contactos que impulsar\u00e1 a toda la facultad o [&hellip;]<\/p>\n","protected":false},"author":1,"featured_media":2346,"comment_status":"open","ping_status":"closed","template":"","meta":[],"product_brand":[],"product_cat":[15],"product_tag":[],"class_list":{"0":"post-76","1":"product","2":"type-product","3":"status-publish","4":"has-post-thumbnail","6":"product_cat-sin-categorizar","8":"first","9":"instock","10":"sold-individually","11":"shipping-taxable","12":"purchasable","13":"product-type-variable"},"_links":{"self":[{"href":"https:\/\/www.upsjb.edu.pe\/ingeica2025\/wp-json\/wp\/v2\/product\/76","targetHints":{"allow":["GET"]}}],"collection":[{"href":"https:\/\/www.upsjb.edu.pe\/ingeica2025\/wp-json\/wp\/v2\/product"}],"about":[{"href":"https:\/\/www.upsjb.edu.pe\/ingeica2025\/wp-json\/wp\/v2\/types\/product"}],"author":[{"embeddable":true,"href":"https:\/\/www.upsjb.edu.pe\/ingeica2025\/wp-json\/wp\/v2\/users\/1"}],"replies":[{"embeddable":true,"href":"https:\/\/www.upsjb.edu.pe\/ingeica2025\/wp-json\/wp\/v2\/comments?post=76"}],"wp:featuredmedia":[{"embeddable":true,"href":"https:\/\/www.upsjb.edu.pe\/ingeica2025\/wp-json\/wp\/v2\/media\/2346"}],"wp:attachment":[{"href":"https:\/\/www.upsjb.edu.pe\/ingeica2025\/wp-json\/wp\/v2\/media?parent=76"}],"wp:term":[{"taxonomy":"product_brand","embeddable":true,"href":"https:\/\/www.upsjb.edu.pe\/ingeica2025\/wp-json\/wp\/v2\/product_brand?post=76"},{"taxonomy":"product_cat","embeddable":true,"href":"https:\/\/www.upsjb.edu.pe\/ingeica2025\/wp-json\/wp\/v2\/product_cat?post=76"},{"taxonomy":"product_tag","embeddable":true,"href":"https:\/\/www.upsjb.edu.pe\/ingeica2025\/wp-json\/wp\/v2\/product_tag?post=76"}],"curies":[{"name":"wp","href":"https:\/\/api.w.org\/{rel}","templated":true}]}}