{"id":52,"date":"2025-07-16T02:55:54","date_gmt":"2025-07-16T02:55:54","guid":{"rendered":"https:\/\/medioseideas.com\/ing25\/?post_type=product&#038;p=52"},"modified":"2025-09-30T11:12:44","modified_gmt":"2025-09-30T16:12:44","slug":"estudiante","status":"publish","type":"product","link":"https:\/\/www.upsjb.edu.pe\/ingeica2025\/producto\/estudiante\/","title":{"rendered":"Estudiante"},"content":{"rendered":"<p>Participar en INGEICA 2025 como estudiante de ingenier\u00eda te cambia la mentalidad, expandir\u00e1 tus ambiciones y te conectar\u00e1 con el mundo. No es un gasto, es una de las mejores inversiones en tu futuro profesional, podr\u00e1s obtener:<\/p>\n<ul>\n<li>Expansi\u00f3n del conocimiento t\u00e9cnico.<\/li>\n<li>Networking de Alto Impacto<\/li>\n<li>Desarrollo de Habilidades Blandas (Soft Skills)<\/li>\n<li>Impulso a tu carrera y CV.<\/li>\n<li>Inspiraci\u00f3n y motivaci\u00f3n global.<\/li>\n<\/ul>\n","protected":false},"excerpt":{"rendered":"<p>Participar en INGEICA 2025 como estudiante de ingenier\u00eda te cambia la mentalidad, expandir\u00e1 tus ambiciones y te conectar\u00e1 con el mundo. No es un gasto, es una de las mejores inversiones en tu futuro profesional, podr\u00e1s obtener: Expansi\u00f3n del conocimiento t\u00e9cnico. Networking de Alto Impacto Desarrollo de Habilidades Blandas (Soft Skills) Impulso a tu carrera [&hellip;]<\/p>\n","protected":false},"author":1,"featured_media":2346,"comment_status":"open","ping_status":"closed","template":"","meta":[],"product_brand":[],"product_cat":[15],"product_tag":[],"class_list":{"0":"post-52","1":"product","2":"type-product","3":"status-publish","4":"has-post-thumbnail","6":"product_cat-sin-categorizar","8":"first","9":"instock","10":"sold-individually","11":"shipping-taxable","12":"purchasable","13":"product-type-variable"},"_links":{"self":[{"href":"https:\/\/www.upsjb.edu.pe\/ingeica2025\/wp-json\/wp\/v2\/product\/52","targetHints":{"allow":["GET"]}}],"collection":[{"href":"https:\/\/www.upsjb.edu.pe\/ingeica2025\/wp-json\/wp\/v2\/product"}],"about":[{"href":"https:\/\/www.upsjb.edu.pe\/ingeica2025\/wp-json\/wp\/v2\/types\/product"}],"author":[{"embeddable":true,"href":"https:\/\/www.upsjb.edu.pe\/ingeica2025\/wp-json\/wp\/v2\/users\/1"}],"replies":[{"embeddable":true,"href":"https:\/\/www.upsjb.edu.pe\/ingeica2025\/wp-json\/wp\/v2\/comments?post=52"}],"wp:featuredmedia":[{"embeddable":true,"href":"https:\/\/www.upsjb.edu.pe\/ingeica2025\/wp-json\/wp\/v2\/media\/2346"}],"wp:attachment":[{"href":"https:\/\/www.upsjb.edu.pe\/ingeica2025\/wp-json\/wp\/v2\/media?parent=52"}],"wp:term":[{"taxonomy":"product_brand","embeddable":true,"href":"https:\/\/www.upsjb.edu.pe\/ingeica2025\/wp-json\/wp\/v2\/product_brand?post=52"},{"taxonomy":"product_cat","embeddable":true,"href":"https:\/\/www.upsjb.edu.pe\/ingeica2025\/wp-json\/wp\/v2\/product_cat?post=52"},{"taxonomy":"product_tag","embeddable":true,"href":"https:\/\/www.upsjb.edu.pe\/ingeica2025\/wp-json\/wp\/v2\/product_tag?post=52"}],"curies":[{"name":"wp","href":"https:\/\/api.w.org\/{rel}","templated":true}]}}