{"id":948,"date":"2025-08-28T11:49:53","date_gmt":"2025-08-28T16:49:53","guid":{"rendered":"https:\/\/dev.ingeica2025.pe\/?page_id=948"},"modified":"2025-08-28T11:51:31","modified_gmt":"2025-08-28T16:51:31","slug":"terminos-y-condiciones-de-uso","status":"publish","type":"page","link":"https:\/\/www.upsjb.edu.pe\/ingeica2025\/terminos-y-condiciones-de-uso\/","title":{"rendered":"T\u00e9rminos y Condiciones de uso"},"content":{"rendered":"\t\t<div data-elementor-type=\"wp-page\" data-elementor-id=\"948\" class=\"elementor elementor-948\" data-elementor-post-type=\"page\">\n\t\t\t\t<div class=\"elementor-element elementor-element-32f59a9c e-flex e-con-boxed e-con e-parent\" data-id=\"32f59a9c\" data-element_type=\"container\">\n\t\t\t\t\t<div class=\"e-con-inner\">\n\t\t\t\t<div class=\"elementor-element elementor-element-9257e4c elementor-widget elementor-widget-heading\" data-id=\"9257e4c\" data-element_type=\"widget\" data-widget_type=\"heading.default\">\n\t\t\t\t\t<h2 class=\"elementor-heading-title elementor-size-default\">T\u00e9rminos y Condiciones de uso<\/h2>\t\t\t\t<\/div>\n\t\t\t\t<div class=\"elementor-element elementor-element-5f6faa03 elementor-widget elementor-widget-text-editor\" data-id=\"5f6faa03\" data-element_type=\"widget\" data-widget_type=\"text-editor.default\">\n\t\t\t\t\t\t\t\t\t\n<p>Este sitio web es operado por la Universidad Privada San Juan Bautista S.A.C. (en adelante, UPSJB SAC), y el uso de los servicios implicar\u00e1 que usted ha le\u00eddo y aceptado los presentes T\u00e9rminos y Condiciones de Uso. En caso de no estar de acuerdo con estos T\u00e9rminos y Condiciones de Uso, deber\u00e1 abstenerse de utilizar nuestros servicios.<\/p>\n\n\n\n<p>Conforme a lo establecido en la Ley N\u00ba 29733, Ley de Protecci\u00f3n de Datos Personales (la \u201cLey\u201d) y su Reglamento aprobado mediante Decreto Supremo N.\u00ba 003-2013-JUS (el \u201cReglamento\u201d), al aceptar estos t\u00e9rminos y condiciones usted brinda su consentimiento libre, previo, informado, expreso e inequ\u00edvoco para que la UPSJB SAC realice el tratamiento de los datos personales que proporcione de forma f\u00edsica o digital (los \u201cDatos Personales\u201d), con la finalidad de ejecutar cualquier relaci\u00f3n contractual que mantiene y\/o mantendr\u00e1 con la misma, as\u00ed como para fines estad\u00edsticos y\/o anal\u00edticos, y\/o de comportamiento del cliente, y\/o para evaluar la calidad del producto o servicio brindado.<\/p>\n\n\n\n<p>Asimismo, de conformidad con lo dispuesto por la citada Ley y su Reglamento, en concordancia con la Ley N\u00ba 29571, C\u00f3digo de Protecci\u00f3n y Defensa del Consumidor, por la presente usted formaliza y presta su consentimiento previo, informado, expreso e inequ\u00edvoco, y autoriza a la UPSJB SAC. a utilizar sus Datos Personales a fin de ser tratados por terceros para contactar y enviar informaci\u00f3n sobre oferta educativa, beneficios, productos y servicios de la UPSJB SAC y\/o sus Centros de Producci\u00f3n, a trav\u00e9s de cualquier medio de comunicaci\u00f3n. Como titular de los Datos Personales, usted tiene derecho a revocar este consentimiento en cualquier momento.<\/p>\n\n\n\n<p>Respecto a los medios de pago que se podr\u00e1n utilizar en el sitio web para la contrataci\u00f3n de los servicios que ofrece la UPSJB SAC, se aceptan tarjetas de cr\u00e9dito, d\u00e9bito y prepagadas de las marcas Visa, MasterCard, American Express y Diners Club. La utilizaci\u00f3n de tarjetas sin la autorizaci\u00f3n de su titular o tarjetahabiente constituye una falta grave, que conllevar\u00e1 el inicio de un procedimiento administrativo de car\u00e1cter sancionador contra el responsable ante las autoridades acad\u00e9micas correspondientes, sin perjuicio del inicio de las acciones legales que la UPSJB SAC y\/o el titular de la tarjeta pueda efectuar ante las autoridades competentes.<\/p>\n\n\n\n<p>En relaci\u00f3n con la Pol\u00edtica de Reembolsos de la UPSJB SAC, una vez efectuada la inscripci\u00f3n y realizado el pago, no hay derecho a devoluci\u00f3n de dinero por ning\u00fan concepto, por lo que es responsabilidad de todo usuario recabar toda la informaci\u00f3n antes de realizar el pago.<\/p>\n\n\n\n<p>Finalmente, el usuario reconoce que la UPSJB SAC, cuenta con determinadas vacantes, y que la confirmaci\u00f3n de su inscripci\u00f3n queda sujeta a la disponibilidad al momento de efectuar el pago.<\/p>\n\n\n\n<p>Para continuar con la inscripci\u00f3n, es preciso que usted exprese su acuerdo con los presentes T\u00e9rminos y Condiciones de Uso.<\/p>\n\t\t\t\t\t\t\t\t<\/div>\n\t\t\t\t\t<\/div>\n\t\t\t\t<\/div>\n\t\t\t\t<\/div>\n\t\t","protected":false},"excerpt":{"rendered":"<p>Este sitio web es operado por la Universidad Privada San Juan Bautista S.A.C. (en adelante, UPSJB SAC), y el uso de los servicios implicar\u00e1 que usted ha le\u00eddo y aceptado los presentes T\u00e9rminos y Condiciones de Uso. En caso de no estar de acuerdo con estos T\u00e9rminos y Condiciones de Uso, deber\u00e1 abstenerse de utilizar [&hellip;]<\/p>\n","protected":false},"author":1,"featured_media":0,"parent":0,"menu_order":0,"comment_status":"closed","ping_status":"closed","template":"","meta":{"footnotes":""},"class_list":["post-948","page","type-page","status-publish","hentry"],"_links":{"self":[{"href":"https:\/\/www.upsjb.edu.pe\/ingeica2025\/wp-json\/wp\/v2\/pages\/948","targetHints":{"allow":["GET"]}}],"collection":[{"href":"https:\/\/www.upsjb.edu.pe\/ingeica2025\/wp-json\/wp\/v2\/pages"}],"about":[{"href":"https:\/\/www.upsjb.edu.pe\/ingeica2025\/wp-json\/wp\/v2\/types\/page"}],"author":[{"embeddable":true,"href":"https:\/\/www.upsjb.edu.pe\/ingeica2025\/wp-json\/wp\/v2\/users\/1"}],"replies":[{"embeddable":true,"href":"https:\/\/www.upsjb.edu.pe\/ingeica2025\/wp-json\/wp\/v2\/comments?post=948"}],"version-history":[{"count":5,"href":"https:\/\/www.upsjb.edu.pe\/ingeica2025\/wp-json\/wp\/v2\/pages\/948\/revisions"}],"predecessor-version":[{"id":953,"href":"https:\/\/www.upsjb.edu.pe\/ingeica2025\/wp-json\/wp\/v2\/pages\/948\/revisions\/953"}],"wp:attachment":[{"href":"https:\/\/www.upsjb.edu.pe\/ingeica2025\/wp-json\/wp\/v2\/media?parent=948"}],"curies":[{"name":"wp","href":"https:\/\/api.w.org\/{rel}","templated":true}]}}